{"id":2435,"date":"2024-03-25T11:28:21","date_gmt":"2024-03-25T10:28:21","guid":{"rendered":"https:\/\/new.bigdatascientist.hu\/?page_id=2435"},"modified":"2024-04-23T18:38:55","modified_gmt":"2024-04-23T17:38:55","slug":"contact","status":"publish","type":"page","link":"https:\/\/new.bigdatascientist.hu\/en\/contact\/","title":{"rendered":"Kapcsolat"},"content":{"rendered":"\t\t<div data-elementor-type=\"wp-page\" data-elementor-id=\"2435\" class=\"elementor elementor-2435\" data-elementor-post-type=\"page\">\n\t\t\t\t<div class=\"elementor-element elementor-element-4686d9e1 e-flex e-con-boxed e-con e-parent\" data-id=\"4686d9e1\" data-element_type=\"container\" data-e-type=\"container\" data-settings=\"{&quot;background_background&quot;:&quot;classic&quot;}\">\n\t\t\t\t\t<div class=\"e-con-inner\">\n\t\t<div class=\"elementor-element elementor-element-70771fe1 e-con-full e-flex e-con e-child\" data-id=\"70771fe1\" data-element_type=\"container\" data-e-type=\"container\">\n\t\t\t\t<div class=\"elementor-element elementor-element-3ca092b0 elementor-widget elementor-widget-heading\" data-id=\"3ca092b0\" data-element_type=\"widget\" data-e-type=\"widget\" data-widget_type=\"heading.default\">\n\t\t\t\t<div class=\"elementor-widget-container\">\n\t\t\t\t\t<h1 class=\"elementor-heading-title elementor-size-default\">L\u00e9pjen kapcsolatba vel\u00fcnk!<\/h1>\t\t\t\t<\/div>\n\t\t\t\t<\/div>\n\t\t\t\t<\/div>\n\t\t\t\t\t<\/div>\n\t\t\t\t<\/div>\n\t\t<div class=\"elementor-element elementor-element-28b47b73 e-flex e-con-boxed e-con e-parent\" data-id=\"28b47b73\" data-element_type=\"container\" data-e-type=\"container\">\n\t\t\t\t\t<div class=\"e-con-inner\">\n\t\t\t\t<div class=\"elementor-element elementor-element-3a7e0602 elementor-widget elementor-widget-heading\" data-id=\"3a7e0602\" data-element_type=\"widget\" data-e-type=\"widget\" data-widget_type=\"heading.default\">\n\t\t\t\t<div class=\"elementor-widget-container\">\n\t\t\t\t\t<h6 class=\"elementor-heading-title elementor-size-default\">KAPCSOLAT<\/h6>\t\t\t\t<\/div>\n\t\t\t\t<\/div>\n\t\t\t\t<div class=\"elementor-element elementor-element-5c1315b7 elementor-widget elementor-widget-heading\" data-id=\"5c1315b7\" data-element_type=\"widget\" data-e-type=\"widget\" data-widget_type=\"heading.default\">\n\t\t\t\t<div class=\"elementor-widget-container\">\n\t\t\t\t\t<h2 class=\"elementor-heading-title elementor-size-default\">Keressen minket bizalommal!<\/h2>\t\t\t\t<\/div>\n\t\t\t\t<\/div>\n\t\t\t\t<div class=\"elementor-element elementor-element-3f1edc1c elementor-widget elementor-widget-text-editor\" data-id=\"3f1edc1c\" data-element_type=\"widget\" data-e-type=\"widget\" data-widget_type=\"text-editor.default\">\n\t\t\t\t<div class=\"elementor-widget-container\">\n\t\t\t\t\t\t\t\t\t<p>Keressen minket bizalommal, amennyiben \u00fagy gondolja, hogy szolg\u00e1ltat\u00e1saink \u00e9rdekesek lehetnek az \u00d6n vagy c\u00e9ge sz\u00e1m\u00e1ra.<\/p><p>Akkor is kereshet minket, ha m\u00e9g nincs konkr\u00e9t elk\u00e9pzel\u00e9se \u00e9s csak \u00e9rdekl\u0151dik, sz\u00edvesen egy\u00fctt gondolkodunk \u00d6nnel, h\u00e1tha tudunk olyan gondolatokat, inform\u00e1ci\u00f3t adni, ami seg\u00edthet d\u00f6nteni.<\/p>\t\t\t\t\t\t\t\t<\/div>\n\t\t\t\t<\/div>\n\t\t\t\t\t<\/div>\n\t\t\t\t<\/div>\n\t\t<div class=\"elementor-element elementor-element-20da9641 e-flex e-con-boxed e-con e-parent\" data-id=\"20da9641\" data-element_type=\"container\" data-e-type=\"container\" data-settings=\"{&quot;background_background&quot;:&quot;classic&quot;}\">\n\t\t\t\t\t<div class=\"e-con-inner\">\n\t\t<div class=\"elementor-element elementor-element-284bdb7e animated-slow e-con-full e-flex elementor-invisible e-con e-child\" data-id=\"284bdb7e\" data-element_type=\"container\" data-e-type=\"container\" data-settings=\"{&quot;animation&quot;:&quot;fadeInUp&quot;,&quot;background_background&quot;:&quot;classic&quot;}\">\n\t\t\t\t<div class=\"elementor-element elementor-element-d4a1e3e elementor-invisible elementor-widget elementor-widget-image\" data-id=\"d4a1e3e\" data-element_type=\"widget\" data-e-type=\"widget\" data-settings=\"{&quot;_animation&quot;:&quot;fadeInUp&quot;}\" data-widget_type=\"image.default\">\n\t\t\t\t<div class=\"elementor-widget-container\">\n\t\t\t\t\t\t\t\t\t\t\t\t\t\t\t<img fetchpriority=\"high\" decoding=\"async\" width=\"1707\" height=\"2560\" src=\"https:\/\/new.bigdatascientist.hu\/wp-content\/uploads\/2024\/04\/hogyanseg\u00a1ihetunl-scaled.jpg\" class=\"attachment-full size-full wp-image-3361\" alt=\"\" srcset=\"https:\/\/new.bigdatascientist.hu\/wp-content\/uploads\/2024\/04\/hogyanseg\u00a1ihetunl-scaled.jpg 1707w, https:\/\/new.bigdatascientist.hu\/wp-content\/uploads\/2024\/04\/hogyanseg\u00a1ihetunl-200x300.jpg 200w, https:\/\/new.bigdatascientist.hu\/wp-content\/uploads\/2024\/04\/hogyanseg\u00a1ihetunl-683x1024.jpg 683w, https:\/\/new.bigdatascientist.hu\/wp-content\/uploads\/2024\/04\/hogyanseg\u00a1ihetunl-768x1152.jpg 768w, https:\/\/new.bigdatascientist.hu\/wp-content\/uploads\/2024\/04\/hogyanseg\u00a1ihetunl-1024x1536.jpg 1024w, https:\/\/new.bigdatascientist.hu\/wp-content\/uploads\/2024\/04\/hogyanseg\u00a1ihetunl-1366x2048.jpg 1366w, https:\/\/new.bigdatascientist.hu\/wp-content\/uploads\/2024\/04\/hogyanseg\u00a1ihetunl-8x12.jpg 8w\" sizes=\"(max-width: 1707px) 100vw, 1707px\" \/>\t\t\t\t\t\t\t\t\t\t\t\t\t\t\t<\/div>\n\t\t\t\t<\/div>\n\t\t\t\t<\/div>\n\t\t<div class=\"elementor-element elementor-element-4959cf3c e-con-full e-flex e-con e-child\" data-id=\"4959cf3c\" data-element_type=\"container\" data-e-type=\"container\">\n\t\t\t\t<div class=\"elementor-element elementor-element-444e8a43 elementor-widget elementor-widget-heading\" data-id=\"444e8a43\" data-element_type=\"widget\" data-e-type=\"widget\" data-widget_type=\"heading.default\">\n\t\t\t\t<div class=\"elementor-widget-container\">\n\t\t\t\t\t<h6 class=\"elementor-heading-title elementor-size-default\"><a href=\"#kapcsolat\">KAPCSOLAT<\/a><\/h6>\t\t\t\t<\/div>\n\t\t\t\t<\/div>\n\t\t\t\t<div class=\"elementor-element elementor-element-4e386705 elementor-widget elementor-widget-heading\" data-id=\"4e386705\" data-element_type=\"widget\" data-e-type=\"widget\" data-widget_type=\"heading.default\">\n\t\t\t\t<div class=\"elementor-widget-container\">\n\t\t\t\t\t<h2 class=\"elementor-heading-title elementor-size-default\">Hogyan seg\u00edthet\u00fcnk?<\/h2>\t\t\t\t<\/div>\n\t\t\t\t<\/div>\n\t\t\t\t<div class=\"elementor-element elementor-element-687bc18e elementor-widget elementor-widget-text-editor\" data-id=\"687bc18e\" data-element_type=\"widget\" data-e-type=\"widget\" data-widget_type=\"text-editor.default\">\n\t\t\t\t<div class=\"elementor-widget-container\">\n\t\t\t\t\t\t\t\t\t<p>Amennyiben konkr\u00e9t projekttel kapcsolatos k\u00e9rd\u00e9se van (megval\u00f3s\u00edthat\u00f3s\u00e1g, tervez\u00e9s, \u00e1raz\u00e1s), k\u00e9rj\u00fck, \u00edrja le min\u00e9l r\u00e9szletesebben elv\u00e1r\u00e1sait, k\u00e9rd\u00e9seit.<\/p>\t\t\t\t\t\t\t\t<\/div>\n\t\t\t\t<\/div>\n\t\t<div class=\"elementor-element elementor-element-3cf08011 e-flex e-con-boxed e-con e-child\" data-id=\"3cf08011\" data-element_type=\"container\" data-e-type=\"container\" data-settings=\"{&quot;background_background&quot;:&quot;classic&quot;}\">\n\t\t\t\t\t<div class=\"e-con-inner\">\n\t\t\t\t<div class=\"elementor-element elementor-element-66e82164 elementor-mobile-button-align-stretch elementor-button-align-end elementor-widget elementor-widget-form\" data-id=\"66e82164\" data-element_type=\"widget\" data-e-type=\"widget\" data-settings=\"{&quot;step_next_label&quot;:&quot;K\\u00f6vetkez\\u0151&quot;,&quot;step_previous_label&quot;:&quot;El\\u0151z\\u0151&quot;,&quot;button_width_tablet&quot;:&quot;75&quot;,&quot;button_width_mobile&quot;:&quot;100&quot;,&quot;step_type&quot;:&quot;number_text&quot;,&quot;step_icon_shape&quot;:&quot;circle&quot;}\" data-widget_type=\"form.default\">\n\t\t\t\t<div class=\"elementor-widget-container\">\n\t\t\t\t\t\t\t<form class=\"elementor-form\" method=\"post\" name=\"L\u00e9pjen kapcsolatba vel\u00fcnk\" aria-label=\"L\u00e9pjen kapcsolatba vel\u00fcnk\">\n\t\t\t<input type=\"hidden\" name=\"post_id\" value=\"2435\"\/>\n\t\t\t<input type=\"hidden\" name=\"form_id\" value=\"66e82164\"\/>\n\t\t\t<input type=\"hidden\" name=\"referer_title\" value=\"Kapcsolat\" \/>\n\n\t\t\t\t\t\t\t<input type=\"hidden\" name=\"queried_id\" value=\"2435\"\/>\n\t\t\t\n\t\t\t<div class=\"elementor-form-fields-wrapper elementor-labels-above\">\n\t\t\t\t\t\t\t\t<div class=\"elementor-field-type-text elementor-field-group elementor-column elementor-field-group-name elementor-col-100 elementor-field-required elementor-mark-required\">\n\t\t\t\t\t\t\t\t\t\t\t\t<label for=\"form-field-name\" class=\"elementor-field-label\">\n\t\t\t\t\t\t\t\tTeljes n\u00e9v \/ c\u00e9gn\u00e9v\t\t\t\t\t\t\t<\/label>\n\t\t\t\t\t\t\t\t\t\t\t\t\t\t<input size=\"1\" type=\"text\" name=\"form_fields[name]\" id=\"form-field-name\" class=\"elementor-field elementor-size-lg  elementor-field-textual\" required=\"required\">\n\t\t\t\t\t\t\t\t\t\t\t<\/div>\n\t\t\t\t\t\t\t\t<div class=\"elementor-field-type-email elementor-field-group elementor-column elementor-field-group-email elementor-col-100 elementor-field-required elementor-mark-required\">\n\t\t\t\t\t\t\t\t\t\t\t\t<label for=\"form-field-email\" class=\"elementor-field-label\">\n\t\t\t\t\t\t\t\tEmail\t\t\t\t\t\t\t<\/label>\n\t\t\t\t\t\t\t\t\t\t\t\t\t\t<input size=\"1\" type=\"email\" name=\"form_fields[email]\" id=\"form-field-email\" class=\"elementor-field elementor-size-lg  elementor-field-textual\" required=\"required\">\n\t\t\t\t\t\t\t\t\t\t\t<\/div>\n\t\t\t\t\t\t\t\t<div class=\"elementor-field-type-text elementor-field-group elementor-column elementor-field-group-field_4857564 elementor-col-100\">\n\t\t\t\t\t\t\t\t\t\t\t\t<label for=\"form-field-field_4857564\" class=\"elementor-field-label\">\n\t\t\t\t\t\t\t\tT\u00e1rgy\t\t\t\t\t\t\t<\/label>\n\t\t\t\t\t\t\t\t\t\t\t\t\t\t<input size=\"1\" type=\"text\" name=\"form_fields[field_4857564]\" id=\"form-field-field_4857564\" class=\"elementor-field elementor-size-lg  elementor-field-textual\">\n\t\t\t\t\t\t\t\t\t\t\t<\/div>\n\t\t\t\t\t\t\t\t<div class=\"elementor-field-type-textarea elementor-field-group elementor-column elementor-field-group-message elementor-col-100 elementor-field-required elementor-mark-required\">\n\t\t\t\t\t\t\t\t\t\t\t\t<label for=\"form-field-message\" class=\"elementor-field-label\">\n\t\t\t\t\t\t\t\t\u00dczenet\t\t\t\t\t\t\t<\/label>\n\t\t\t\t\t\t<textarea class=\"elementor-field-textual elementor-field  elementor-size-lg\" name=\"form_fields[message]\" id=\"form-field-message\" rows=\"3\" required=\"required\"><\/textarea>\t\t\t\t<\/div>\n\t\t\t\t\t\t\t\t<div class=\"elementor-field-group elementor-column elementor-field-type-submit elementor-col-100 e-form__buttons elementor-md-75 elementor-sm-100\">\n\t\t\t\t\t<button class=\"elementor-button elementor-size-sm\" type=\"submit\">\n\t\t\t\t\t\t<span class=\"elementor-button-content-wrapper\">\n\t\t\t\t\t\t\t\t\t\t\t\t\t\t\t<span class=\"elementor-button-icon\">\n\t\t\t\t\t\t\t\t\t<svg aria-hidden=\"true\" class=\"e-font-icon-svg e-fas-paper-plane\" viewBox=\"0 0 512 512\" xmlns=\"http:\/\/www.w3.org\/2000\/svg\"><path d=\"M476 3.2L12.5 270.6c-18.1 10.4-15.8 35.6 2.2 43.2L121 358.4l287.3-253.2c5.5-4.9 13.3 2.6 8.6 8.3L176 407v80.5c0 23.6 28.5 32.9 42.5 15.8L282 426l124.6 52.2c14.2 6 30.4-2.9 33-18.2l72-432C515 7.8 493.3-6.8 476 3.2z\"><\/path><\/svg>\t\t\t\t\t\t\t\t\t\t\t\t\t\t\t\t\t<\/span>\n\t\t\t\t\t\t\t\t\t\t\t\t\t\t\t\t\t\t\t\t\t\t<span class=\"elementor-button-text\">K\u00fcld\u00e9s<\/span>\n\t\t\t\t\t\t\t\t\t\t\t\t\t<\/span>\n\t\t\t\t\t<\/button>\n\t\t\t\t<\/div>\n\t\t\t<\/div>\n\t\t<\/form>\n\t\t\t\t\t\t<\/div>\n\t\t\t\t<\/div>\n\t\t\t\t\t<\/div>\n\t\t\t\t<\/div>\n\t\t\t\t<\/div>\n\t\t\t\t\t<\/div>\n\t\t\t\t<\/div>\n\t\t\t\t<\/div>\n\t\t","protected":false},"excerpt":{"rendered":"<p>L\u00e9pjen kapcsolatba vel\u00fcnk! KAPCSOLAT Keressen minket bizalommal! Keressen minket bizalommal, amennyiben \u00fagy gondolja, hogy szolg\u00e1ltat\u00e1saink \u00e9rdekesek lehetnek az \u00d6n vagy c\u00e9ge sz\u00e1m\u00e1ra. Akkor is kereshet minket, ha m\u00e9g nincs konkr\u00e9t elk\u00e9pzel\u00e9se \u00e9s csak \u00e9rdekl\u0151dik, sz\u00edvesen egy\u00fctt gondolkodunk \u00d6nnel, h\u00e1tha tudunk olyan gondolatokat, inform\u00e1ci\u00f3t adni, ami seg\u00edthet d\u00f6nteni. KAPCSOLAT Hogyan seg\u00edthet\u00fcnk? Amennyiben konkr\u00e9t projekttel kapcsolatos k\u00e9rd\u00e9se [&hellip;]<\/p>\n","protected":false},"author":1,"featured_media":0,"parent":0,"menu_order":0,"comment_status":"closed","ping_status":"closed","template":"","meta":{"_seopress_robots_primary_cat":"","_seopress_titles_title":"","_seopress_titles_desc":"","_seopress_robots_index":"","loftloader_page_shortcode":"","footnotes":""},"class_list":["post-2435","page","type-page","status-publish","hentry"],"_links":{"self":[{"href":"https:\/\/new.bigdatascientist.hu\/en\/wp-json\/wp\/v2\/pages\/2435","targetHints":{"allow":["GET"]}}],"collection":[{"href":"https:\/\/new.bigdatascientist.hu\/en\/wp-json\/wp\/v2\/pages"}],"about":[{"href":"https:\/\/new.bigdatascientist.hu\/en\/wp-json\/wp\/v2\/types\/page"}],"author":[{"embeddable":true,"href":"https:\/\/new.bigdatascientist.hu\/en\/wp-json\/wp\/v2\/users\/1"}],"replies":[{"embeddable":true,"href":"https:\/\/new.bigdatascientist.hu\/en\/wp-json\/wp\/v2\/comments?post=2435"}],"version-history":[{"count":29,"href":"https:\/\/new.bigdatascientist.hu\/en\/wp-json\/wp\/v2\/pages\/2435\/revisions"}],"predecessor-version":[{"id":3429,"href":"https:\/\/new.bigdatascientist.hu\/en\/wp-json\/wp\/v2\/pages\/2435\/revisions\/3429"}],"wp:attachment":[{"href":"https:\/\/new.bigdatascientist.hu\/en\/wp-json\/wp\/v2\/media?parent=2435"}],"curies":[{"name":"wp","href":"https:\/\/api.w.org\/{rel}","templated":true}]}}