{"id":2431,"date":"2024-03-25T11:27:44","date_gmt":"2024-03-25T10:27:44","guid":{"rendered":"https:\/\/new.bigdatascientist.hu\/?page_id=2431"},"modified":"2024-07-31T13:25:28","modified_gmt":"2024-07-31T12:25:28","slug":"specializations","status":"publish","type":"page","link":"https:\/\/new.bigdatascientist.hu\/en\/specializations\/","title":{"rendered":"Szakter\u00fcleteink"},"content":{"rendered":"<div data-elementor-type=\"wp-page\" data-elementor-id=\"2431\" class=\"elementor elementor-2431\" data-elementor-post-type=\"page\">\n\t\t\t\t<div class=\"elementor-element elementor-element-8c87ea4 e-flex e-con-boxed elementor-invisible e-con e-parent\" data-id=\"8c87ea4\" data-element_type=\"container\" data-e-type=\"container\" data-settings=\"{&quot;background_background&quot;:&quot;classic&quot;,&quot;animation&quot;:&quot;fadeIn&quot;}\">\n\t\t\t\t\t<div class=\"e-con-inner\">\n\t\t<div class=\"elementor-element elementor-element-554d9c0 e-con-full e-flex e-con e-child\" data-id=\"554d9c0\" data-element_type=\"container\" data-e-type=\"container\">\n\t\t\t\t<div class=\"elementor-element elementor-element-b7ad70d elementor-widget elementor-widget-heading\" data-id=\"b7ad70d\" data-element_type=\"widget\" data-e-type=\"widget\" data-widget_type=\"heading.default\">\n\t\t\t\t<div class=\"elementor-widget-container\">\n\t\t\t\t\t<h1 class=\"elementor-heading-title elementor-size-default\">Szakter\u00fcleteink<\/h1>\t\t\t\t<\/div>\n\t\t\t\t<\/div>\n\t\t\t\t<\/div>\n\t\t\t\t\t<\/div>\n\t\t\t\t<\/div>\n\t\t<div class=\"elementor-element elementor-element-4d55c9ff e-flex e-con-boxed e-con e-parent\" data-id=\"4d55c9ff\" data-element_type=\"container\" data-e-type=\"container\">\n\t\t\t\t\t<div class=\"e-con-inner\">\n\t\t\t\t<div class=\"elementor-element elementor-element-3ba4757c elementor-widget elementor-widget-heading\" data-id=\"3ba4757c\" data-element_type=\"widget\" data-e-type=\"widget\" data-widget_type=\"heading.default\">\n\t\t\t\t<div class=\"elementor-widget-container\">\n\t\t\t\t\t<h2 class=\"elementor-heading-title elementor-size-default\">Szakter\u00fcleteink<\/h2>\t\t\t\t<\/div>\n\t\t\t\t<\/div>\n\t\t\t\t<div class=\"elementor-element elementor-element-355a06d4 elementor-widget elementor-widget-text-editor\" data-id=\"355a06d4\" data-element_type=\"widget\" data-e-type=\"widget\" data-widget_type=\"text-editor.default\">\n\t\t\t\t<div class=\"elementor-widget-container\">\n\t\t\t\t\t\t\t\t\t<p>Speci\u00e1lis tapasztalattal rendelkez\u00fcnk az al\u00e1bbi ter\u00fcleteken:<\/p>\t\t\t\t\t\t\t\t<\/div>\n\t\t\t\t<\/div>\n\t\t<div class=\"elementor-element elementor-element-2f78260 e-con-full e-flex e-con e-child\" data-id=\"2f78260\" data-element_type=\"container\" data-e-type=\"container\">\n\t\t<div class=\"elementor-element elementor-element-294d6f6 e-con-full e-flex e-con e-child\" data-id=\"294d6f6\" data-element_type=\"container\" data-e-type=\"container\">\n\t\t\t\t<div class=\"elementor-element elementor-element-878311f elementor-widget elementor-widget-image\" data-id=\"878311f\" data-element_type=\"widget\" data-e-type=\"widget\" data-widget_type=\"image.default\">\n\t\t\t\t<div class=\"elementor-widget-container\">\n\t\t\t\t\t\t\t\t\t\t\t\t\t\t\t<img fetchpriority=\"high\" decoding=\"async\" width=\"2560\" height=\"1707\" src=\"https:\/\/new.bigdatascientist.hu\/wp-content\/uploads\/2023\/05\/doctor-with-stethoscope-hands-hospital-background-scaled.jpg\" class=\"attachment-full size-full wp-image-1369\" alt=\"\" srcset=\"https:\/\/new.bigdatascientist.hu\/wp-content\/uploads\/2023\/05\/doctor-with-stethoscope-hands-hospital-background-scaled.jpg 2560w, https:\/\/new.bigdatascientist.hu\/wp-content\/uploads\/2023\/05\/doctor-with-stethoscope-hands-hospital-background-300x200.jpg 300w, https:\/\/new.bigdatascientist.hu\/wp-content\/uploads\/2023\/05\/doctor-with-stethoscope-hands-hospital-background-1024x683.jpg 1024w, https:\/\/new.bigdatascientist.hu\/wp-content\/uploads\/2023\/05\/doctor-with-stethoscope-hands-hospital-background-768x512.jpg 768w, https:\/\/new.bigdatascientist.hu\/wp-content\/uploads\/2023\/05\/doctor-with-stethoscope-hands-hospital-background-1536x1024.jpg 1536w, https:\/\/new.bigdatascientist.hu\/wp-content\/uploads\/2023\/05\/doctor-with-stethoscope-hands-hospital-background-2048x1365.jpg 2048w, https:\/\/new.bigdatascientist.hu\/wp-content\/uploads\/2023\/05\/doctor-with-stethoscope-hands-hospital-background-18x12.jpg 18w, https:\/\/new.bigdatascientist.hu\/wp-content\/uploads\/2023\/05\/elementor\/thumbs\/doctor-with-stethoscope-hands-hospital-background-scaled-q69jljd46mo4ylx6q9603yfv0h0mcbtqcqfzr1g42o.jpg 600w, https:\/\/new.bigdatascientist.hu\/wp-content\/uploads\/2023\/05\/elementor\/thumbs\/doctor-with-stethoscope-hands-hospital-background-scaled-q69jljdbhrdlpg70jl03q7u0gtdzr35ogizclj9i68.jpg 1200w\" sizes=\"(max-width: 2560px) 100vw, 2560px\" \/>\t\t\t\t\t\t\t\t\t\t\t\t\t\t\t<\/div>\n\t\t\t\t<\/div>\n\t\t\t\t<div class=\"elementor-element elementor-element-10b94a7 elementor-widget elementor-widget-heading\" data-id=\"10b94a7\" data-element_type=\"widget\" data-e-type=\"widget\" data-widget_type=\"heading.default\">\n\t\t\t\t<div class=\"elementor-widget-container\">\n\t\t\t\t\t<h5 class=\"elementor-heading-title elementor-size-default\">Eg\u00e9szs\u00e9g\u00fcgy<\/h5>\t\t\t\t<\/div>\n\t\t\t\t<\/div>\n\t\t\t\t<div class=\"elementor-element elementor-element-f89a433 elementor-widget elementor-widget-text-editor\" data-id=\"f89a433\" data-element_type=\"widget\" data-e-type=\"widget\" data-widget_type=\"text-editor.default\">\n\t\t\t\t<div class=\"elementor-widget-container\">\n\t\t\t\t\t\t\t\t\t<p style=\"font-weight: 400;\">Az eg\u00e9szs\u00e9g\u00fcgyi szektorban v\u00e9gzett kutat\u00e1saink c\u00e9lja, hogy \u00e1tfog\u00f3 k\u00e9pet ny\u00fajtsunk a gy\u00f3gyszeripar, az orvostechnikai eszk\u00f6z\u00f6k \u00e9s az eg\u00e9szs\u00e9g\u00fcgyi szolg\u00e1ltat\u00e1sok piac\u00e1r\u00f3l. Elemz\u00e9seink t\u00e1mogatj\u00e1k \u00fcgyfeleinket az innov\u00e1ci\u00f3ban, a piaci poz\u00edci\u00f3 er\u0151s\u00edt\u00e9s\u00e9ben \u00e9s a betegek ig\u00e9nyeinek jobb meg\u00e9rt\u00e9s\u00e9ben.<\/p>\t\t\t\t\t\t\t\t<\/div>\n\t\t\t\t<\/div>\n\t\t\t\t<\/div>\n\t\t<div class=\"elementor-element elementor-element-ee91e95 e-con-full e-flex e-con e-child\" data-id=\"ee91e95\" data-element_type=\"container\" data-e-type=\"container\">\n\t\t\t\t<div class=\"elementor-element elementor-element-3d02050 elementor-widget elementor-widget-image\" data-id=\"3d02050\" data-element_type=\"widget\" data-e-type=\"widget\" data-widget_type=\"image.default\">\n\t\t\t\t<div class=\"elementor-widget-container\">\n\t\t\t\t\t\t\t\t\t\t\t\t\t\t\t<img decoding=\"async\" width=\"714\" height=\"476\" src=\"https:\/\/new.bigdatascientist.hu\/wp-content\/uploads\/2023\/05\/WM-Screenshots-20230511095037-e1722428712112.png\" class=\"attachment-full size-full wp-image-1429\" alt=\"\" srcset=\"https:\/\/new.bigdatascientist.hu\/wp-content\/uploads\/2023\/05\/WM-Screenshots-20230511095037-e1722428712112.png 714w, https:\/\/new.bigdatascientist.hu\/wp-content\/uploads\/2023\/05\/WM-Screenshots-20230511095037-e1722428712112-300x200.png 300w, https:\/\/new.bigdatascientist.hu\/wp-content\/uploads\/2023\/05\/WM-Screenshots-20230511095037-e1722428712112-18x12.png 18w\" sizes=\"(max-width: 714px) 100vw, 714px\" \/>\t\t\t\t\t\t\t\t\t\t\t\t\t\t\t<\/div>\n\t\t\t\t<\/div>\n\t\t\t\t<div class=\"elementor-element elementor-element-0a6e614 elementor-widget elementor-widget-heading\" data-id=\"0a6e614\" data-element_type=\"widget\" data-e-type=\"widget\" data-widget_type=\"heading.default\">\n\t\t\t\t<div class=\"elementor-widget-container\">\n\t\t\t\t\t<h5 class=\"elementor-heading-title elementor-size-default\">FMCG (Gyorsan Forg\u00f3 Fogyaszt\u00e1si Cikkek)<\/h5>\t\t\t\t<\/div>\n\t\t\t\t<\/div>\n\t\t\t\t<div class=\"elementor-element elementor-element-f586396 elementor-widget elementor-widget-text-editor\" data-id=\"f586396\" data-element_type=\"widget\" data-e-type=\"widget\" data-widget_type=\"text-editor.default\">\n\t\t\t\t<div class=\"elementor-widget-container\">\n\t\t\t\t\t\t\t\t\t<p>C\u00e9g\u00fcnk szak\u00e9rt\u0151je a gyorsan forg\u00f3 fogyaszt\u00e1si cikkek (FMCG) piac\u00e1nak, amely mag\u00e1ban foglalja az \u00e9lelmiszerek, italok, tiszt\u00edt\u00f3szerek \u00e9s egy\u00e9b napi haszn\u00e1lati term\u00e9kek kutat\u00e1s\u00e1t. Elemz\u00e9seink seg\u00edtik partnereinket abban, hogy meg\u00e9rts\u00e9k a fogyaszt\u00f3i magatart\u00e1st, az aktu\u00e1lis trendeket, valamint a piac ig\u00e9nyeit \u00e9s preferenci\u00e1it.<\/p>\t\t\t\t\t\t\t\t<\/div>\n\t\t\t\t<\/div>\n\t\t\t\t<\/div>\n\t\t<div class=\"elementor-element elementor-element-81546df e-con-full e-flex e-con e-child\" data-id=\"81546df\" data-element_type=\"container\" data-e-type=\"container\">\n\t\t\t\t<div class=\"elementor-element elementor-element-fc60546 elementor-widget elementor-widget-image\" data-id=\"fc60546\" data-element_type=\"widget\" data-e-type=\"widget\" data-widget_type=\"image.default\">\n\t\t\t\t<div class=\"elementor-widget-container\">\n\t\t\t\t\t\t\t\t\t\t\t\t\t\t\t<img decoding=\"async\" width=\"2560\" height=\"1707\" src=\"https:\/\/new.bigdatascientist.hu\/wp-content\/uploads\/2023\/05\/mobile-payments-mobile-scanning-payments-face-face-payments-scaled.jpg\" class=\"attachment-full size-full wp-image-1370\" alt=\"\" srcset=\"https:\/\/new.bigdatascientist.hu\/wp-content\/uploads\/2023\/05\/mobile-payments-mobile-scanning-payments-face-face-payments-scaled.jpg 2560w, https:\/\/new.bigdatascientist.hu\/wp-content\/uploads\/2023\/05\/mobile-payments-mobile-scanning-payments-face-face-payments-300x200.jpg 300w, https:\/\/new.bigdatascientist.hu\/wp-content\/uploads\/2023\/05\/mobile-payments-mobile-scanning-payments-face-face-payments-1024x683.jpg 1024w, https:\/\/new.bigdatascientist.hu\/wp-content\/uploads\/2023\/05\/mobile-payments-mobile-scanning-payments-face-face-payments-768x512.jpg 768w, https:\/\/new.bigdatascientist.hu\/wp-content\/uploads\/2023\/05\/mobile-payments-mobile-scanning-payments-face-face-payments-1536x1024.jpg 1536w, https:\/\/new.bigdatascientist.hu\/wp-content\/uploads\/2023\/05\/mobile-payments-mobile-scanning-payments-face-face-payments-2048x1365.jpg 2048w, https:\/\/new.bigdatascientist.hu\/wp-content\/uploads\/2023\/05\/mobile-payments-mobile-scanning-payments-face-face-payments-18x12.jpg 18w, https:\/\/new.bigdatascientist.hu\/wp-content\/uploads\/2023\/05\/elementor\/thumbs\/mobile-payments-mobile-scanning-payments-face-face-payments-scaled-q69jm25vzbdvet5vohajhtp2w6fym9wd3bhpcko8m8.jpg 600w\" sizes=\"(max-width: 2560px) 100vw, 2560px\" \/>\t\t\t\t\t\t\t\t\t\t\t\t\t\t\t<\/div>\n\t\t\t\t<\/div>\n\t\t\t\t<div class=\"elementor-element elementor-element-daffd1d elementor-widget elementor-widget-heading\" data-id=\"daffd1d\" data-element_type=\"widget\" data-e-type=\"widget\" data-widget_type=\"heading.default\">\n\t\t\t\t<div class=\"elementor-widget-container\">\n\t\t\t\t\t<h5 class=\"elementor-heading-title elementor-size-default\">Telekommunik\u00e1ci\u00f3 \u00e9s P\u00e9nz\u00fcgy<\/h5>\t\t\t\t<\/div>\n\t\t\t\t<\/div>\n\t\t\t\t<div class=\"elementor-element elementor-element-0ca4ab0 elementor-widget elementor-widget-text-editor\" data-id=\"0ca4ab0\" data-element_type=\"widget\" data-e-type=\"widget\" data-widget_type=\"text-editor.default\">\n\t\t\t\t<div class=\"elementor-widget-container\">\n\t\t\t\t\t\t\t\t\t<p>Telekommunik\u00e1ci\u00f3s \u00e9s p\u00e9nz\u00fcgyi piackutat\u00e1saink r\u00e9v\u00e9n seg\u00edtj\u00fck partnereinket a digit\u00e1lis \u00e1talakul\u00e1s, az \u00fcgyf\u00e9lelv\u00e1r\u00e1sok \u00e9s a technol\u00f3giai fejl\u0151d\u00e9s meg\u00e9rt\u00e9s\u00e9ben. Megold\u00e1saink hozz\u00e1j\u00e1rulnak a szolg\u00e1ltat\u00e1sok jav\u00edt\u00e1s\u00e1hoz, az \u00fcgyf\u00e9l\u00e9lm\u00e9ny fokoz\u00e1s\u00e1hoz, \u00e9s a versenyk\u00e9pess\u00e9g n\u00f6vel\u00e9s\u00e9hez ebben a gyorsan v\u00e1ltoz\u00f3 k\u00f6rnyezetben.<\/p>\t\t\t\t\t\t\t\t<\/div>\n\t\t\t\t<\/div>\n\t\t\t\t<\/div>\n\t\t\t\t<\/div>\n\t\t\t\t\t<\/div>\n\t\t\t\t<\/div>\n\t\t\t\t<\/div>","protected":false},"excerpt":{"rendered":"<p>Szakter\u00fcleteink Szakter\u00fcleteink Speci\u00e1lis tapasztalattal rendelkez\u00fcnk az al\u00e1bbi ter\u00fcleteken: Eg\u00e9szs\u00e9g\u00fcgy Az eg\u00e9szs\u00e9g\u00fcgyi szektorban v\u00e9gzett kutat\u00e1saink c\u00e9lja, hogy \u00e1tfog\u00f3 k\u00e9pet ny\u00fajtsunk a gy\u00f3gyszeripar, az orvostechnikai eszk\u00f6z\u00f6k \u00e9s az eg\u00e9szs\u00e9g\u00fcgyi szolg\u00e1ltat\u00e1sok piac\u00e1r\u00f3l. Elemz\u00e9seink t\u00e1mogatj\u00e1k \u00fcgyfeleinket az innov\u00e1ci\u00f3ban, a piaci poz\u00edci\u00f3 er\u0151s\u00edt\u00e9s\u00e9ben \u00e9s a betegek ig\u00e9nyeinek jobb meg\u00e9rt\u00e9s\u00e9ben. FMCG (Gyorsan Forg\u00f3 Fogyaszt\u00e1si Cikkek) C\u00e9g\u00fcnk szak\u00e9rt\u0151je a gyorsan forg\u00f3 fogyaszt\u00e1si [&hellip;]<\/p>\n","protected":false},"author":1,"featured_media":0,"parent":0,"menu_order":0,"comment_status":"closed","ping_status":"closed","template":"","meta":{"_seopress_robots_primary_cat":"","_seopress_titles_title":"","_seopress_titles_desc":"","_seopress_robots_index":"","loftloader_page_shortcode":"","footnotes":""},"class_list":["post-2431","page","type-page","status-publish","hentry"],"_links":{"self":[{"href":"https:\/\/new.bigdatascientist.hu\/en\/wp-json\/wp\/v2\/pages\/2431","targetHints":{"allow":["GET"]}}],"collection":[{"href":"https:\/\/new.bigdatascientist.hu\/en\/wp-json\/wp\/v2\/pages"}],"about":[{"href":"https:\/\/new.bigdatascientist.hu\/en\/wp-json\/wp\/v2\/types\/page"}],"author":[{"embeddable":true,"href":"https:\/\/new.bigdatascientist.hu\/en\/wp-json\/wp\/v2\/users\/1"}],"replies":[{"embeddable":true,"href":"https:\/\/new.bigdatascientist.hu\/en\/wp-json\/wp\/v2\/comments?post=2431"}],"version-history":[{"count":37,"href":"https:\/\/new.bigdatascientist.hu\/en\/wp-json\/wp\/v2\/pages\/2431\/revisions"}],"predecessor-version":[{"id":3554,"href":"https:\/\/new.bigdatascientist.hu\/en\/wp-json\/wp\/v2\/pages\/2431\/revisions\/3554"}],"wp:attachment":[{"href":"https:\/\/new.bigdatascientist.hu\/en\/wp-json\/wp\/v2\/media?parent=2431"}],"curies":[{"name":"wp","href":"https:\/\/api.w.org\/{rel}","templated":true}]}}