{"id":110,"date":"2023-03-22T19:31:01","date_gmt":"2023-03-22T18:31:01","guid":{"rendered":"https:\/\/new.bigdatascientist.hu\/?page_id=110"},"modified":"2024-03-25T11:25:37","modified_gmt":"2024-03-25T10:25:37","slug":"terms-of-service","status":"publish","type":"page","link":"https:\/\/new.bigdatascientist.hu\/en\/terms-of-service\/","title":{"rendered":"\u00c1ltal\u00e1nos szerz\u0151d\u00e9si felt\u00e9telek"},"content":{"rendered":"","protected":false},"excerpt":{"rendered":"","protected":false},"author":1,"featured_media":0,"parent":0,"menu_order":0,"comment_status":"closed","ping_status":"closed","template":"","meta":{"_seopress_robots_primary_cat":"","_seopress_titles_title":"","_seopress_titles_desc":"","_seopress_robots_index":"yes","loftloader_page_shortcode":"","footnotes":""},"class_list":["post-110","page","type-page","status-publish","hentry"],"_links":{"self":[{"href":"https:\/\/new.bigdatascientist.hu\/en\/wp-json\/wp\/v2\/pages\/110","targetHints":{"allow":["GET"]}}],"collection":[{"href":"https:\/\/new.bigdatascientist.hu\/en\/wp-json\/wp\/v2\/pages"}],"about":[{"href":"https:\/\/new.bigdatascientist.hu\/en\/wp-json\/wp\/v2\/types\/page"}],"author":[{"embeddable":true,"href":"https:\/\/new.bigdatascientist.hu\/en\/wp-json\/wp\/v2\/users\/1"}],"replies":[{"embeddable":true,"href":"https:\/\/new.bigdatascientist.hu\/en\/wp-json\/wp\/v2\/comments?post=110"}],"version-history":[{"count":2,"href":"https:\/\/new.bigdatascientist.hu\/en\/wp-json\/wp\/v2\/pages\/110\/revisions"}],"predecessor-version":[{"id":2425,"href":"https:\/\/new.bigdatascientist.hu\/en\/wp-json\/wp\/v2\/pages\/110\/revisions\/2425"}],"wp:attachment":[{"href":"https:\/\/new.bigdatascientist.hu\/en\/wp-json\/wp\/v2\/media?parent=110"}],"curies":[{"name":"wp","href":"https:\/\/api.w.org\/{rel}","templated":true}]}}